{"id":493,"date":"2023-02-23T14:27:18","date_gmt":"2023-02-23T14:27:18","guid":{"rendered":"https:\/\/labs.grupoperinola.site\/benam\/?post_type=product&#038;p=493"},"modified":"2023-02-27T16:02:57","modified_gmt":"2023-02-27T16:02:57","slug":"bolsa-reciclemos","status":"publish","type":"product","link":"https:\/\/benamandco.com\/en\/producto\/bolsa-reciclemos\/","title":{"rendered":"Bolsa reciclemos"},"content":{"rendered":"<p><span style=\"font-weight: 400;\">La bolsa perfecta para tus compras de manera m\u00e1s ecol\u00f3gica. Tiene serigraf\u00eda a un color en uno de los lados de la bolsa.\u00a0<\/span><span style=\"font-weight: 400;\"><br \/>\n<\/span><\/p>","protected":false},"excerpt":{"rendered":"<p>La bolsa perfecta para tus compras de manera m\u00e1s ecol\u00f3gica. Tiene serigraf\u00eda a un color en uno de los lados de la bolsa.\u00a0<\/p>","protected":false},"featured_media":29,"template":"","meta":{"_acf_changed":false},"product_brand":[],"product_cat":[16],"product_tag":[],"class_list":{"0":"post-493","1":"product","2":"type-product","3":"status-publish","4":"has-post-thumbnail","6":"product_cat-bolsas-multiusos","8":"first","9":"instock","10":"shipping-taxable","11":"product-type-simple"},"acf":[],"_links":{"self":[{"href":"https:\/\/benamandco.com\/en\/wp-json\/wp\/v2\/product\/493","targetHints":{"allow":["GET"]}}],"collection":[{"href":"https:\/\/benamandco.com\/en\/wp-json\/wp\/v2\/product"}],"about":[{"href":"https:\/\/benamandco.com\/en\/wp-json\/wp\/v2\/types\/product"}],"version-history":[{"count":3,"href":"https:\/\/benamandco.com\/en\/wp-json\/wp\/v2\/product\/493\/revisions"}],"predecessor-version":[{"id":1120,"href":"https:\/\/benamandco.com\/en\/wp-json\/wp\/v2\/product\/493\/revisions\/1120"}],"wp:featuredmedia":[{"embeddable":true,"href":"https:\/\/benamandco.com\/en\/wp-json\/wp\/v2\/media\/29"}],"wp:attachment":[{"href":"https:\/\/benamandco.com\/en\/wp-json\/wp\/v2\/media?parent=493"}],"wp:term":[{"taxonomy":"product_brand","embeddable":true,"href":"https:\/\/benamandco.com\/en\/wp-json\/wp\/v2\/product_brand?post=493"},{"taxonomy":"product_cat","embeddable":true,"href":"https:\/\/benamandco.com\/en\/wp-json\/wp\/v2\/product_cat?post=493"},{"taxonomy":"product_tag","embeddable":true,"href":"https:\/\/benamandco.com\/en\/wp-json\/wp\/v2\/product_tag?post=493"}],"curies":[{"name":"wp","href":"https:\/\/api.w.org\/{rel}","templated":true}]}}