{"id":494,"date":"2023-02-23T14:27:18","date_gmt":"2023-02-23T14:27:18","guid":{"rendered":"https:\/\/labs.grupoperinola.site\/benam\/?post_type=product&#038;p=494"},"modified":"2023-02-27T16:35:08","modified_gmt":"2023-02-27T16:35:08","slug":"bolsa-multiusos-reversible","status":"publish","type":"product","link":"https:\/\/benamandco.com\/en\/producto\/bolsa-multiusos-reversible\/","title":{"rendered":"Bolsa multiusos reversible"},"content":{"rendered":"<p><span style=\"font-weight: 400;\">Pr\u00e1ctica y vers\u00e1til bolsa peque\u00f1a para realizar tus compras. Es reversible, de un lado lleva un detalle de nuestros tejidos B\u2019enam y del otro lado est\u00e1 confeccionada en algod\u00f3n crudo. <\/span><\/p>","protected":false},"excerpt":{"rendered":"<p>Pr\u00e1ctica y vers\u00e1til bolsa peque\u00f1a para realizar tus compras. Es reversible, de un lado lleva un detalle de nuestros tejidos B\u2019enam y del otro lado est\u00e1 confeccionada en algod\u00f3n crudo.<\/p>","protected":false},"featured_media":28,"template":"","meta":{"_acf_changed":false},"product_brand":[],"product_cat":[16],"product_tag":[],"class_list":{"0":"post-494","1":"product","2":"type-product","3":"status-publish","4":"has-post-thumbnail","6":"product_cat-bolsas-multiusos","8":"first","9":"instock","10":"shipping-taxable","11":"product-type-simple"},"acf":[],"_links":{"self":[{"href":"https:\/\/benamandco.com\/en\/wp-json\/wp\/v2\/product\/494","targetHints":{"allow":["GET"]}}],"collection":[{"href":"https:\/\/benamandco.com\/en\/wp-json\/wp\/v2\/product"}],"about":[{"href":"https:\/\/benamandco.com\/en\/wp-json\/wp\/v2\/types\/product"}],"version-history":[{"count":4,"href":"https:\/\/benamandco.com\/en\/wp-json\/wp\/v2\/product\/494\/revisions"}],"predecessor-version":[{"id":1125,"href":"https:\/\/benamandco.com\/en\/wp-json\/wp\/v2\/product\/494\/revisions\/1125"}],"wp:featuredmedia":[{"embeddable":true,"href":"https:\/\/benamandco.com\/en\/wp-json\/wp\/v2\/media\/28"}],"wp:attachment":[{"href":"https:\/\/benamandco.com\/en\/wp-json\/wp\/v2\/media?parent=494"}],"wp:term":[{"taxonomy":"product_brand","embeddable":true,"href":"https:\/\/benamandco.com\/en\/wp-json\/wp\/v2\/product_brand?post=494"},{"taxonomy":"product_cat","embeddable":true,"href":"https:\/\/benamandco.com\/en\/wp-json\/wp\/v2\/product_cat?post=494"},{"taxonomy":"product_tag","embeddable":true,"href":"https:\/\/benamandco.com\/en\/wp-json\/wp\/v2\/product_tag?post=494"}],"curies":[{"name":"wp","href":"https:\/\/api.w.org\/{rel}","templated":true}]}}