{"id":503,"date":"2023-02-23T14:27:18","date_gmt":"2023-02-23T14:27:18","guid":{"rendered":"https:\/\/labs.grupoperinola.site\/benam\/?post_type=product&#038;p=503"},"modified":"2023-02-27T17:21:09","modified_gmt":"2023-02-27T17:21:09","slug":"porta-laptop","status":"publish","type":"product","link":"https:\/\/benamandco.com\/en\/producto\/porta-laptop\/","title":{"rendered":"Porta Laptop"},"content":{"rendered":"<p><span style=\"font-weight: 400;\">Bolsa para laptop hecha en algod\u00f3n color natural, con detalle de tejido B\u2019enam en la parte de afuera como bolsa exterior. Con forro interno y esponja para proteger tu equipo de trabajo. Forro y manillas: 100% algod\u00f3n color natural. Lleva el\u00e1stico y bot\u00f3n de material natural para el cierre.\u00a0<\/span><\/p>","protected":false},"excerpt":{"rendered":"<p>Bolsa para laptop hecha en algod\u00f3n color natural, con detalle de tejido B\u2019enam en la parte de afuera como bolsa exterior. Con forro interno y esponja para proteger tu equipo de trabajo. Forro y manillas: 100% algod\u00f3n color natural. Lleva el\u00e1stico y bot\u00f3n de material natural para el cierre.\u00a0<\/p>","protected":false},"featured_media":19,"template":"","meta":{"_acf_changed":false},"product_brand":[],"product_cat":[18],"product_tag":[],"class_list":{"0":"post-503","1":"product","2":"type-product","3":"status-publish","4":"has-post-thumbnail","6":"product_cat-productos-reutilizables","8":"first","9":"instock","10":"shipping-taxable","11":"product-type-simple"},"acf":[],"_links":{"self":[{"href":"https:\/\/benamandco.com\/en\/wp-json\/wp\/v2\/product\/503","targetHints":{"allow":["GET"]}}],"collection":[{"href":"https:\/\/benamandco.com\/en\/wp-json\/wp\/v2\/product"}],"about":[{"href":"https:\/\/benamandco.com\/en\/wp-json\/wp\/v2\/types\/product"}],"version-history":[{"count":4,"href":"https:\/\/benamandco.com\/en\/wp-json\/wp\/v2\/product\/503\/revisions"}],"predecessor-version":[{"id":1155,"href":"https:\/\/benamandco.com\/en\/wp-json\/wp\/v2\/product\/503\/revisions\/1155"}],"wp:featuredmedia":[{"embeddable":true,"href":"https:\/\/benamandco.com\/en\/wp-json\/wp\/v2\/media\/19"}],"wp:attachment":[{"href":"https:\/\/benamandco.com\/en\/wp-json\/wp\/v2\/media?parent=503"}],"wp:term":[{"taxonomy":"product_brand","embeddable":true,"href":"https:\/\/benamandco.com\/en\/wp-json\/wp\/v2\/product_brand?post=503"},{"taxonomy":"product_cat","embeddable":true,"href":"https:\/\/benamandco.com\/en\/wp-json\/wp\/v2\/product_cat?post=503"},{"taxonomy":"product_tag","embeddable":true,"href":"https:\/\/benamandco.com\/en\/wp-json\/wp\/v2\/product_tag?post=503"}],"curies":[{"name":"wp","href":"https:\/\/api.w.org\/{rel}","templated":true}]}}