{"id":507,"date":"2023-02-23T14:27:19","date_gmt":"2023-02-23T14:27:19","guid":{"rendered":"https:\/\/labs.grupoperinola.site\/benam\/?post_type=product&#038;p=507"},"modified":"2023-02-27T17:34:03","modified_gmt":"2023-02-27T17:34:03","slug":"funda-de-cojin","status":"publish","type":"product","link":"https:\/\/benamandco.com\/en\/producto\/funda-de-cojin\/","title":{"rendered":"Funda de Cojin"},"content":{"rendered":"<p><span style=\"font-weight: 400;\">Lleva nuestros tejidos inspirados en la naturaleza a todos tus espacios. Opci\u00f3n con traslape y algod\u00f3n crudo o con zipper y tejido de ambos lados. Puedes agregar tambi\u00e9n un detalle de pompones trabajados por artesanas con hilos 100% algod\u00f3n.\u00a0<\/span><span style=\"font-weight: 400;\"><br \/>\n<\/span><\/p>","protected":false},"excerpt":{"rendered":"<p>Lleva nuestros tejidos inspirados en la naturaleza a todos tus espacios. Opci\u00f3n con traslape y algod\u00f3n crudo o con zipper y tejido de ambos lados. Puedes agregar tambi\u00e9n un detalle de pompones trabajados por artesanas con hilos 100% algod\u00f3n.\u00a0<\/p>","protected":false},"featured_media":15,"template":"","meta":{"_acf_changed":false},"product_brand":[],"product_cat":[18],"product_tag":[],"class_list":{"0":"post-507","1":"product","2":"type-product","3":"status-publish","4":"has-post-thumbnail","6":"product_cat-productos-reutilizables","8":"first","9":"instock","10":"shipping-taxable","11":"product-type-simple"},"acf":[],"_links":{"self":[{"href":"https:\/\/benamandco.com\/en\/wp-json\/wp\/v2\/product\/507","targetHints":{"allow":["GET"]}}],"collection":[{"href":"https:\/\/benamandco.com\/en\/wp-json\/wp\/v2\/product"}],"about":[{"href":"https:\/\/benamandco.com\/en\/wp-json\/wp\/v2\/types\/product"}],"version-history":[{"count":3,"href":"https:\/\/benamandco.com\/en\/wp-json\/wp\/v2\/product\/507\/revisions"}],"predecessor-version":[{"id":1159,"href":"https:\/\/benamandco.com\/en\/wp-json\/wp\/v2\/product\/507\/revisions\/1159"}],"wp:featuredmedia":[{"embeddable":true,"href":"https:\/\/benamandco.com\/en\/wp-json\/wp\/v2\/media\/15"}],"wp:attachment":[{"href":"https:\/\/benamandco.com\/en\/wp-json\/wp\/v2\/media?parent=507"}],"wp:term":[{"taxonomy":"product_brand","embeddable":true,"href":"https:\/\/benamandco.com\/en\/wp-json\/wp\/v2\/product_brand?post=507"},{"taxonomy":"product_cat","embeddable":true,"href":"https:\/\/benamandco.com\/en\/wp-json\/wp\/v2\/product_cat?post=507"},{"taxonomy":"product_tag","embeddable":true,"href":"https:\/\/benamandco.com\/en\/wp-json\/wp\/v2\/product_tag?post=507"}],"curies":[{"name":"wp","href":"https:\/\/api.w.org\/{rel}","templated":true}]}}