{"id":509,"date":"2023-02-23T14:27:19","date_gmt":"2023-02-23T14:27:19","guid":{"rendered":"https:\/\/labs.grupoperinola.site\/benam\/?post_type=product&#038;p=509"},"modified":"2023-02-27T16:47:33","modified_gmt":"2023-02-27T16:47:33","slug":"panera-canasta","status":"publish","type":"product","link":"https:\/\/benamandco.com\/en\/producto\/panera-canasta\/","title":{"rendered":"Panera Canasta"},"content":{"rendered":"<p><span style=\"font-weight: 400;\">Dise\u00f1o con cintas para que puedas formar la canasta. Convi\u00e9rtela en el centro de atenci\u00f3n de tu mesa, una y otra vez.<\/span><\/p>","protected":false},"excerpt":{"rendered":"<p>Dise\u00f1o con cintas para que puedas formar la canasta. Convi\u00e9rtela en el centro de atenci\u00f3n de tu mesa, una y otra vez.<\/p>","protected":false},"featured_media":13,"template":"","meta":{"_acf_changed":false},"product_brand":[],"product_cat":[17],"product_tag":[],"class_list":{"0":"post-509","1":"product","2":"type-product","3":"status-publish","4":"has-post-thumbnail","6":"product_cat-linea-ja","8":"first","9":"instock","10":"shipping-taxable","11":"product-type-simple"},"acf":[],"_links":{"self":[{"href":"https:\/\/benamandco.com\/en\/wp-json\/wp\/v2\/product\/509","targetHints":{"allow":["GET"]}}],"collection":[{"href":"https:\/\/benamandco.com\/en\/wp-json\/wp\/v2\/product"}],"about":[{"href":"https:\/\/benamandco.com\/en\/wp-json\/wp\/v2\/types\/product"}],"version-history":[{"count":5,"href":"https:\/\/benamandco.com\/en\/wp-json\/wp\/v2\/product\/509\/revisions"}],"predecessor-version":[{"id":1130,"href":"https:\/\/benamandco.com\/en\/wp-json\/wp\/v2\/product\/509\/revisions\/1130"}],"wp:featuredmedia":[{"embeddable":true,"href":"https:\/\/benamandco.com\/en\/wp-json\/wp\/v2\/media\/13"}],"wp:attachment":[{"href":"https:\/\/benamandco.com\/en\/wp-json\/wp\/v2\/media?parent=509"}],"wp:term":[{"taxonomy":"product_brand","embeddable":true,"href":"https:\/\/benamandco.com\/en\/wp-json\/wp\/v2\/product_brand?post=509"},{"taxonomy":"product_cat","embeddable":true,"href":"https:\/\/benamandco.com\/en\/wp-json\/wp\/v2\/product_cat?post=509"},{"taxonomy":"product_tag","embeddable":true,"href":"https:\/\/benamandco.com\/en\/wp-json\/wp\/v2\/product_tag?post=509"}],"curies":[{"name":"wp","href":"https:\/\/api.w.org\/{rel}","templated":true}]}}