{"id":510,"date":"2023-02-23T14:27:19","date_gmt":"2023-02-23T14:27:19","guid":{"rendered":"https:\/\/labs.grupoperinola.site\/benam\/?post_type=product&#038;p=510"},"modified":"2023-02-27T16:06:16","modified_gmt":"2023-02-27T16:06:16","slug":"bolsa-para-una-libra-de-cafe","status":"publish","type":"product","link":"https:\/\/benamandco.com\/en\/producto\/bolsa-para-una-libra-de-cafe\/","title":{"rendered":"Bolsa para una libra de cafe"},"content":{"rendered":"<p><span style=\"font-weight: 400;\">Regala y comparte un momento perfecto, con una bolsa dise\u00f1ada para que puedas poner all\u00ed una libra de nuestro delicioso caf\u00e9 de Guatemala. Cierre con cordel.\u00a0<\/span><span style=\"font-weight: 400;\"><br \/>\n<\/span><\/p>","protected":false},"excerpt":{"rendered":"<p>Regala y comparte un momento perfecto, con una bolsa dise\u00f1ada para que puedas poner all\u00ed una libra de nuestro delicioso caf\u00e9 de Guatemala. Cierre con cordel.\u00a0<\/p>","protected":false},"featured_media":12,"template":"","meta":{"_acf_changed":false},"product_brand":[],"product_cat":[17],"product_tag":[],"class_list":{"0":"post-510","1":"product","2":"type-product","3":"status-publish","4":"has-post-thumbnail","6":"product_cat-linea-ja","8":"first","9":"instock","10":"shipping-taxable","11":"product-type-simple"},"acf":[],"_links":{"self":[{"href":"https:\/\/benamandco.com\/en\/wp-json\/wp\/v2\/product\/510","targetHints":{"allow":["GET"]}}],"collection":[{"href":"https:\/\/benamandco.com\/en\/wp-json\/wp\/v2\/product"}],"about":[{"href":"https:\/\/benamandco.com\/en\/wp-json\/wp\/v2\/types\/product"}],"version-history":[{"count":4,"href":"https:\/\/benamandco.com\/en\/wp-json\/wp\/v2\/product\/510\/revisions"}],"predecessor-version":[{"id":1122,"href":"https:\/\/benamandco.com\/en\/wp-json\/wp\/v2\/product\/510\/revisions\/1122"}],"wp:featuredmedia":[{"embeddable":true,"href":"https:\/\/benamandco.com\/en\/wp-json\/wp\/v2\/media\/12"}],"wp:attachment":[{"href":"https:\/\/benamandco.com\/en\/wp-json\/wp\/v2\/media?parent=510"}],"wp:term":[{"taxonomy":"product_brand","embeddable":true,"href":"https:\/\/benamandco.com\/en\/wp-json\/wp\/v2\/product_brand?post=510"},{"taxonomy":"product_cat","embeddable":true,"href":"https:\/\/benamandco.com\/en\/wp-json\/wp\/v2\/product_cat?post=510"},{"taxonomy":"product_tag","embeddable":true,"href":"https:\/\/benamandco.com\/en\/wp-json\/wp\/v2\/product_tag?post=510"}],"curies":[{"name":"wp","href":"https:\/\/api.w.org\/{rel}","templated":true}]}}