{"id":516,"date":"2023-02-23T14:27:19","date_gmt":"2023-02-23T14:27:19","guid":{"rendered":"https:\/\/labs.grupoperinola.site\/benam\/?post_type=product&#038;p=516"},"modified":"2023-02-23T22:06:24","modified_gmt":"2023-02-23T22:06:24","slug":"porta-libros","status":"publish","type":"product","link":"https:\/\/benamandco.com\/en\/producto\/porta-libros\/","title":{"rendered":"Porta-libros"},"content":{"rendered":"<p><span style=\"font-weight: 400;\">Tus libros de forma ordenada y bien protegidos con este novedoso dise\u00f1o. Espacio exterior en forma de bolsa para otros accesorios o documentos. Lleva el\u00e1stico y bot\u00f3n natural para el cierre. Caben 2 libros aproximadamente.<\/span><\/p>","protected":false},"excerpt":{"rendered":"<p>Tus libros de forma ordenada y bien protegidos con este novedoso dise\u00f1o. Espacio exterior en forma de bolsa para otros accesorios o documentos. Lleva el\u00e1stico y bot\u00f3n natural para el cierre. Caben 2 libros aproximadamente.<\/p>","protected":false},"featured_media":37,"template":"","meta":{"_acf_changed":false},"product_brand":[],"product_cat":[18],"product_tag":[],"class_list":{"0":"post-516","1":"product","2":"type-product","3":"status-publish","4":"has-post-thumbnail","6":"product_cat-productos-reutilizables","8":"first","9":"instock","10":"shipping-taxable","11":"product-type-simple"},"acf":[],"_links":{"self":[{"href":"https:\/\/benamandco.com\/en\/wp-json\/wp\/v2\/product\/516","targetHints":{"allow":["GET"]}}],"collection":[{"href":"https:\/\/benamandco.com\/en\/wp-json\/wp\/v2\/product"}],"about":[{"href":"https:\/\/benamandco.com\/en\/wp-json\/wp\/v2\/types\/product"}],"version-history":[{"count":4,"href":"https:\/\/benamandco.com\/en\/wp-json\/wp\/v2\/product\/516\/revisions"}],"predecessor-version":[{"id":908,"href":"https:\/\/benamandco.com\/en\/wp-json\/wp\/v2\/product\/516\/revisions\/908"}],"wp:featuredmedia":[{"embeddable":true,"href":"https:\/\/benamandco.com\/en\/wp-json\/wp\/v2\/media\/37"}],"wp:attachment":[{"href":"https:\/\/benamandco.com\/en\/wp-json\/wp\/v2\/media?parent=516"}],"wp:term":[{"taxonomy":"product_brand","embeddable":true,"href":"https:\/\/benamandco.com\/en\/wp-json\/wp\/v2\/product_brand?post=516"},{"taxonomy":"product_cat","embeddable":true,"href":"https:\/\/benamandco.com\/en\/wp-json\/wp\/v2\/product_cat?post=516"},{"taxonomy":"product_tag","embeddable":true,"href":"https:\/\/benamandco.com\/en\/wp-json\/wp\/v2\/product_tag?post=516"}],"curies":[{"name":"wp","href":"https:\/\/api.w.org\/{rel}","templated":true}]}}